{"id":1637,"date":"2024-06-04T12:19:24","date_gmt":"2024-06-04T12:19:24","guid":{"rendered":"https:\/\/tennis.9-tailed.com\/?page_id=1637"},"modified":"2024-06-04T12:23:28","modified_gmt":"2024-06-04T12:23:28","slug":"about-3-2","status":"publish","type":"page","link":"https:\/\/tennis.9-tailed.com\/?page_id=1637","title":{"rendered":"Dein Training"},"content":{"rendered":"<style>.kb-row-layout-id1637_a5dae3-9f > .kt-row-column-wrap{align-content:start;}:where(.kb-row-layout-id1637_a5dae3-9f > .kt-row-column-wrap) > .wp-block-kadence-column{justify-content:start;}.kb-row-layout-id1637_a5dae3-9f > .kt-row-column-wrap{column-gap:var(--global-kb-gap-md, 2rem);row-gap:var(--global-kb-gap-md, 2rem);max-width:var( --global-content-width, 1290px );padding-left:var(--global-content-edge-padding);padding-right:var(--global-content-edge-padding);padding-top:320px;padding-right:20px;padding-bottom:140px;padding-left:20px;grid-template-columns:minmax(0, 1fr);}.kb-row-layout-id1637_a5dae3-9f{background-image:url('https:\/\/tennis.9-tailed.com\/wp-content\/uploads\/2024\/05\/DSC08265-scaled.jpg');background-size:cover;background-position:center center;background-attachment:scroll;background-repeat:no-repeat;}.kb-row-layout-id1637_a5dae3-9f > .kt-row-layout-overlay{opacity:0.55;background-color:var(--global-palette3, #1A202C);mix-blend-mode:normal;}@media all and (max-width: 1024px){.kb-row-layout-id1637_a5dae3-9f > .kt-row-column-wrap{grid-template-columns:minmax(0, 1fr);}}@media all and (max-width: 767px){.kb-row-layout-id1637_a5dae3-9f > .kt-row-column-wrap{padding-top:var(--global-kb-spacing-xxl, 5rem);grid-template-columns:minmax(0, 1fr);}}<\/style><div class=\"kb-row-layout-wrap kb-row-layout-id1637_a5dae3-9f alignnone kt-row-has-bg wp-block-kadence-rowlayout\"><div class=\"kt-row-layout-overlay kt-row-overlay-normal\"><\/div><div class=\"kt-row-column-wrap kt-has-1-columns kt-row-layout-equal kt-tab-layout-inherit kt-mobile-layout-row kt-row-valign-top kb-theme-content-width\">\n<style>.kadence-column1637_1b4062-1d > .kt-inside-inner-col,.kadence-column1637_1b4062-1d > .kt-inside-inner-col:before{border-top-left-radius:0px;border-top-right-radius:0px;border-bottom-right-radius:0px;border-bottom-left-radius:0px;}.kadence-column1637_1b4062-1d > .kt-inside-inner-col{column-gap:var(--global-kb-gap-sm, 1rem);}.kadence-column1637_1b4062-1d > .kt-inside-inner-col{flex-direction:column;}.kadence-column1637_1b4062-1d > .kt-inside-inner-col > .aligncenter{width:100%;}.kadence-column1637_1b4062-1d > .kt-inside-inner-col:before{opacity:0.3;}.kadence-column1637_1b4062-1d{position:relative;}@media all and (max-width: 1024px){.kadence-column1637_1b4062-1d > .kt-inside-inner-col{flex-direction:column;}}@media all and (max-width: 767px){.kadence-column1637_1b4062-1d > .kt-inside-inner-col{flex-direction:column;}}<\/style>\n<div class=\"wp-block-kadence-column kadence-column1637_1b4062-1d inner-column-1\"><div class=\"kt-inside-inner-col\"><style>.wp-block-kadence-spacer.kt-block-spacer-1637_45916d-63 .kt-block-spacer{height:6px;}.wp-block-kadence-spacer.kt-block-spacer-1637_45916d-63 .kt-divider{border-top-width:1px;height:1px;border-top-color:var(--global-palette2, #2B6CB0);width:10%;border-top-style:solid;}<\/style>\n<div class=\"wp-block-kadence-spacer aligncenter kt-block-spacer-1637_45916d-63\"><div class=\"kt-block-spacer kt-block-spacer-halign-center\"><hr class=\"kt-divider\"\/><\/div><\/div>\n\n\n<style>.wp-block-kadence-advancedheading.kt-adv-heading1637_b839dc-6f, .wp-block-kadence-advancedheading.kt-adv-heading1637_b839dc-6f[data-kb-block=\"kb-adv-heading1637_b839dc-6f\"]{margin-top:0px;text-align:center;font-style:normal;}.wp-block-kadence-advancedheading.kt-adv-heading1637_b839dc-6f mark, .wp-block-kadence-advancedheading.kt-adv-heading1637_b839dc-6f[data-kb-block=\"kb-adv-heading1637_b839dc-6f\"] mark{font-style:normal;color:#f76a0c;padding-top:0px;padding-right:0px;padding-bottom:0px;padding-left:0px;}<\/style>\n<h2 class=\"kt-adv-heading1637_b839dc-6f wp-block-kadence-advancedheading has-theme-palette-9-color has-text-color\" data-kb-block=\"kb-adv-heading1637_b839dc-6f\">Dein Training<\/h2>\n\n\n<style>.wp-block-kadence-advancedheading.kt-adv-heading1637_66b251-78, .wp-block-kadence-advancedheading.kt-adv-heading1637_66b251-78[data-kb-block=\"kb-adv-heading1637_66b251-78\"]{text-align:center;font-style:normal;}.wp-block-kadence-advancedheading.kt-adv-heading1637_66b251-78 mark, .wp-block-kadence-advancedheading.kt-adv-heading1637_66b251-78[data-kb-block=\"kb-adv-heading1637_66b251-78\"] mark{font-style:normal;color:#f76a0c;padding-top:0px;padding-right:0px;padding-bottom:0px;padding-left:0px;}<\/style>\n<p class=\"kt-adv-heading1637_66b251-78 wp-block-kadence-advancedheading has-theme-palette-9-color has-text-color\" data-kb-block=\"kb-adv-heading1637_66b251-78\">Ein Trainer f\u00fcr&nbsp;Gro\u00df&nbsp;&amp; Klein. F\u00fcr Anf\u00e4nger&nbsp;&amp; Profis.<\/p>\n<\/div><\/div>\n\n<\/div><\/div>\n\n<style>.kb-row-layout-id1637_b66960-a2 > .kt-row-column-wrap{align-content:start;}:where(.kb-row-layout-id1637_b66960-a2 > .kt-row-column-wrap) > .wp-block-kadence-column{justify-content:start;}.kb-row-layout-id1637_b66960-a2 > .kt-row-column-wrap{column-gap:var(--global-kb-gap-md, 2rem);row-gap:var(--global-kb-gap-md, 2rem);max-width:var( --global-content-width, 1290px );padding-left:var(--global-content-edge-padding);padding-right:var(--global-content-edge-padding);padding-top:40px;padding-bottom:60px;grid-template-columns:repeat(2, minmax(0, 1fr));}.kb-row-layout-id1637_b66960-a2{border-top:40px solid var(--global-palette8, #F7FAFC);}.kb-row-layout-id1637_b66960-a2{background-image:url('https:\/\/tennis.9-tailed.com\/wp-content\/uploads\/2024\/06\/Mitglieder2.jpg');background-size:contain;background-position:88% 55.00000000000001%;background-attachment:scroll;background-repeat:no-repeat;}.kb-row-layout-id1637_b66960-a2 > .kt-row-layout-overlay{opacity:0.30;}@media all and (max-width: 1024px){.kb-row-layout-id1637_b66960-a2 > .kt-row-column-wrap{grid-template-columns:minmax(0, 2fr) minmax(0, 1fr);}}@media all and (max-width: 1024px){.kb-row-layout-id1637_b66960-a2{border-top:40px solid var(--global-palette8, #F7FAFC);}}@media all and (max-width: 767px){.kb-row-layout-id1637_b66960-a2 > .kt-row-column-wrap{padding-bottom:60px;grid-template-columns:minmax(0, 1fr);}.kb-row-layout-id1637_b66960-a2{border-top:40px solid var(--global-palette8, #F7FAFC);}}<\/style><div class=\"kb-row-layout-wrap kb-row-layout-id1637_b66960-a2 alignnone has-theme-palette8-background-color kt-row-has-bg wp-block-kadence-rowlayout\"><div class=\"kt-row-column-wrap kt-has-2-columns kt-row-layout-equal kt-tab-layout-left-golden kt-mobile-layout-row kt-row-valign-top kb-theme-content-width\">\n<style>.kadence-column1637_1615cb-a5 > .kt-inside-inner-col{padding-top:60px;padding-right:60px;padding-bottom:60px;padding-left:60px;}.kadence-column1637_1615cb-a5 > .kt-inside-inner-col,.kadence-column1637_1615cb-a5 > .kt-inside-inner-col:before{border-top-left-radius:6px;border-top-right-radius:6px;border-bottom-right-radius:6px;border-bottom-left-radius:6px;}.kadence-column1637_1615cb-a5 > .kt-inside-inner-col{column-gap:var(--global-kb-gap-sm, 1rem);}.kadence-column1637_1615cb-a5 > .kt-inside-inner-col{flex-direction:column;}.kadence-column1637_1615cb-a5 > .kt-inside-inner-col > .aligncenter{width:100%;}.kadence-column1637_1615cb-a5 > .kt-inside-inner-col{background-color:var(--global-palette9, #ffffff);}.kadence-column1637_1615cb-a5 > .kt-inside-inner-col:before{opacity:0.3;}.kadence-column1637_1615cb-a5{position:relative;}@media all and (max-width: 1024px){.kadence-column1637_1615cb-a5 > .kt-inside-inner-col{flex-direction:column;}}@media all and (max-width: 767px){.kadence-column1637_1615cb-a5 > .kt-inside-inner-col{padding-top:20px;padding-right:20px;padding-bottom:20px;padding-left:20px;flex-direction:column;}}<\/style>\n<div class=\"wp-block-kadence-column kadence-column1637_1615cb-a5 inner-column-1\"><div class=\"kt-inside-inner-col\"><style>.wp-block-kadence-advancedheading.kt-adv-heading1637_5fde19-c5, .wp-block-kadence-advancedheading.kt-adv-heading1637_5fde19-c5[data-kb-block=\"kb-adv-heading1637_5fde19-c5\"]{font-style:normal;}.wp-block-kadence-advancedheading.kt-adv-heading1637_5fde19-c5 mark, .wp-block-kadence-advancedheading.kt-adv-heading1637_5fde19-c5[data-kb-block=\"kb-adv-heading1637_5fde19-c5\"] mark{font-style:normal;color:#f76a0c;padding-top:0px;padding-right:0px;padding-bottom:0px;padding-left:0px;}@media all and (max-width: 767px){.wp-block-kadence-advancedheading.kt-adv-heading1637_5fde19-c5, .wp-block-kadence-advancedheading.kt-adv-heading1637_5fde19-c5[data-kb-block=\"kb-adv-heading1637_5fde19-c5\"]{font-size:28px;}}<\/style>\n<h2 class=\"kt-adv-heading1637_5fde19-c5 wp-block-kadence-advancedheading has-theme-palette-3-color has-text-color\" data-kb-block=\"kb-adv-heading1637_5fde19-c5\">Ein gro\u00dfes Angebot <br>f\u00fcr die Kleinsten<\/h2>\n\n\n\n<p>Wir bieten Gruppentraining f\u00fcr Kinder im Zeitraum von 2.5. bis 24.9.2022. Geplant sind 13 Einheiten f\u00fcr das Sommertraining. Die Trainingskosten sind unten aufgef\u00fchrt und k\u00f6nnen je nach Wochentag und Gruppengr\u00f6\u00dfe variieren. Zu den Trainingskosten kommen bei Schlecht-Wetter noch die Hallenkosten dazu.&nbsp;Wir bieten auch ein Sommercamp an. Alle Informationen dazu findest du in der Sportsmember App, zu dem alle im Training angemeldeten Kinder eine Einladung erhalten.<\/p>\n<\/div><\/div>\n\n\n<style>.kadence-column1637_316150-3d > .kt-inside-inner-col,.kadence-column1637_316150-3d > .kt-inside-inner-col:before{border-top-left-radius:0px;border-top-right-radius:0px;border-bottom-right-radius:0px;border-bottom-left-radius:0px;}.kadence-column1637_316150-3d > .kt-inside-inner-col{column-gap:var(--global-kb-gap-sm, 1rem);}.kadence-column1637_316150-3d > .kt-inside-inner-col{flex-direction:column;}.kadence-column1637_316150-3d > .kt-inside-inner-col > .aligncenter{width:100%;}.kadence-column1637_316150-3d > .kt-inside-inner-col:before{opacity:0.3;}.kadence-column1637_316150-3d{position:relative;}@media all and (max-width: 1024px){.kadence-column1637_316150-3d > .kt-inside-inner-col{flex-direction:column;}}@media all and (max-width: 767px){.kadence-column1637_316150-3d > .kt-inside-inner-col{flex-direction:column;}}<\/style>\n<div class=\"wp-block-kadence-column kadence-column1637_316150-3d kvs-sm-false inner-column-2\"><div class=\"kt-inside-inner-col\"><\/div><\/div>\n\n<\/div><\/div>\n\n<style>.kb-row-layout-id1637_31dc7a-07 > .kt-row-column-wrap{align-content:start;}:where(.kb-row-layout-id1637_31dc7a-07 > .kt-row-column-wrap) > .wp-block-kadence-column{justify-content:start;}.kb-row-layout-id1637_31dc7a-07 > .kt-row-column-wrap{column-gap:var(--global-kb-gap-md, 2rem);row-gap:var(--global-kb-gap-md, 2rem);max-width:var( --global-content-width, 1290px );padding-left:var(--global-content-edge-padding);padding-right:var(--global-content-edge-padding);padding-top:40px;padding-bottom:60px;grid-template-columns:repeat(2, minmax(0, 1fr));}.kb-row-layout-id1637_31dc7a-07{border-top:40px solid var(--global-palette8, #F7FAFC);}.kb-row-layout-id1637_31dc7a-07{background-image:url('https:\/\/tennis.9-tailed.com\/wp-content\/uploads\/2024\/05\/DSC08265-scaled.jpg');background-size:contain;background-position:36% 73%;background-attachment:scroll;background-repeat:no-repeat;}.kb-row-layout-id1637_31dc7a-07 > .kt-row-layout-overlay{opacity:0.30;}@media all and (max-width: 1024px){.kb-row-layout-id1637_31dc7a-07 > .kt-row-column-wrap{grid-template-columns:minmax(0, 2fr) minmax(0, 1fr);}}@media all and (max-width: 1024px){.kb-row-layout-id1637_31dc7a-07{border-top:40px solid var(--global-palette8, #F7FAFC);}}@media all and (max-width: 767px){.kb-row-layout-id1637_31dc7a-07 > .kt-row-column-wrap{padding-bottom:60px;grid-template-columns:minmax(0, 1fr);}.kb-row-layout-id1637_31dc7a-07{border-top:40px solid var(--global-palette8, #F7FAFC);}}<\/style><div class=\"kb-row-layout-wrap kb-row-layout-id1637_31dc7a-07 alignnone has-theme-palette8-background-color kt-row-has-bg wp-block-kadence-rowlayout\"><div class=\"kt-row-column-wrap kt-has-2-columns kt-row-layout-equal kt-tab-layout-left-golden kt-mobile-layout-row kt-row-valign-top kb-theme-content-width\">\n<style>.kadence-column1637_7f3986-19 > .kt-inside-inner-col,.kadence-column1637_7f3986-19 > .kt-inside-inner-col:before{border-top-left-radius:0px;border-top-right-radius:0px;border-bottom-right-radius:0px;border-bottom-left-radius:0px;}.kadence-column1637_7f3986-19 > .kt-inside-inner-col{column-gap:var(--global-kb-gap-sm, 1rem);}.kadence-column1637_7f3986-19 > .kt-inside-inner-col{flex-direction:column;}.kadence-column1637_7f3986-19 > .kt-inside-inner-col > .aligncenter{width:100%;}.kadence-column1637_7f3986-19 > .kt-inside-inner-col:before{opacity:0.3;}.kadence-column1637_7f3986-19{position:relative;}@media all and (max-width: 1024px){.kadence-column1637_7f3986-19 > .kt-inside-inner-col{flex-direction:column;}}@media all and (max-width: 767px){.kadence-column1637_7f3986-19 > .kt-inside-inner-col{flex-direction:column;}}<\/style>\n<div class=\"wp-block-kadence-column kadence-column1637_7f3986-19 kvs-sm-false inner-column-2\"><div class=\"kt-inside-inner-col\"><\/div><\/div>\n\n\n<style>.kadence-column1637_90ac96-ac > .kt-inside-inner-col{display:flex;}.kadence-column1637_90ac96-ac, .kt-inside-inner-col > .kadence-column1637_90ac96-ac:not(.specificity){margin-right:0px;margin-left:0px;}.kadence-column1637_90ac96-ac > .kt-inside-inner-col{padding-top:60px;padding-right:60px;padding-bottom:60px;padding-left:60px;}.kadence-column1637_90ac96-ac > .kt-inside-inner-col{min-height:556px;}.kadence-column1637_90ac96-ac > .kt-inside-inner-col,.kadence-column1637_90ac96-ac > .kt-inside-inner-col:before{border-top-left-radius:6px;border-top-right-radius:6px;border-bottom-right-radius:6px;border-bottom-left-radius:6px;}.kadence-column1637_90ac96-ac > .kt-inside-inner-col{column-gap:var(--global-kb-gap-sm, 1rem);}.kadence-column1637_90ac96-ac > .kt-inside-inner-col{flex-direction:column;align-items:flex-start;}.kadence-column1637_90ac96-ac > .kt-inside-inner-col > .kb-image-is-ratio-size{align-self:stretch;}.kadence-column1637_90ac96-ac > .kt-inside-inner-col > .aligncenter{width:100%;}.kadence-column1637_90ac96-ac > .kt-inside-inner-col{background-color:var(--global-palette9, #ffffff);}.kadence-column1637_90ac96-ac > .kt-inside-inner-col:before{opacity:0.3;}.kadence-column1637_90ac96-ac{position:relative;}@media all and (max-width: 1024px){.kadence-column1637_90ac96-ac > .kt-inside-inner-col{flex-direction:column;align-items:flex-start;}}@media all and (max-width: 767px){.kadence-column1637_90ac96-ac > .kt-inside-inner-col{padding-top:20px;padding-right:20px;padding-bottom:20px;padding-left:20px;flex-direction:column;align-items:flex-start;}}<\/style>\n<div class=\"wp-block-kadence-column kadence-column1637_90ac96-ac kb-section-dir-vertical inner-column-1\"><div class=\"kt-inside-inner-col\">\n<h2 class=\"wp-block-heading\">Ein Training: <br>Einzeln oder in Gruppen<\/h2>\n\n\n\n<ul class=\"has-small-font-size wp-block-list\">\n<li>1er Training pro Teilnehmer\/Stunde46 \u20ac<\/li>\n\n\n\n<li>2er Training pro Teilnehmer\/Stunde23,50 \u20ac<\/li>\n\n\n\n<li>3er Training pro Teilnehmer\/Stunde16,50 \u20ac<\/li>\n\n\n\n<li>4er Training pro Teilnehmer\/Stunde13 \u20ac<\/li>\n\n\n\n<li>5er Training pro Teilnehmer\/Stunde11 \u20ac<\/li>\n\n\n\n<li>G\u00e4stekarten pro Platz\/Stunde <strong>12 \u20ac<\/strong><\/li>\n<\/ul>\n\n\n\n<p>Vereinbare einfach direkt mit Hristo einen Termin oder komm am Platz vorbei. Du findest ihn fast immer auf dem Trainingsplatz.<\/p>\n\n\n\n<p>Telefon: +43 (650) 8833112<br>Mail: tcoach@gmx.at<\/p>\n<\/div><\/div>\n\n<\/div><\/div>\n\n\n<p class=\"has-text-align-center\"><\/p>\n","protected":false},"excerpt":{"rendered":"<p>Dein Training Ein Trainer f\u00fcr&nbsp;Gro\u00df&nbsp;&amp; Klein. F\u00fcr Anf\u00e4nger&nbsp;&amp; Profis. Ein gro\u00dfes Angebot f\u00fcr die Kleinsten Wir bieten Gruppentraining f\u00fcr Kinder im Zeitraum von 2.5. bis 24.9.2022. Geplant sind 13 Einheiten f\u00fcr das Sommertraining. Die Trainingskosten sind unten aufgef\u00fchrt und k\u00f6nnen je nach Wochentag und Gruppengr\u00f6\u00dfe variieren. Zu den Trainingskosten kommen bei Schlecht-Wetter noch die Hallenkosten&#8230;<\/p>\n","protected":false},"author":2,"featured_media":1397,"parent":0,"menu_order":0,"comment_status":"closed","ping_status":"closed","template":"","meta":{"ngg_post_thumbnail":0,"_kadence_starter_templates_imported_post":true,"_kad_post_transparent":"","_kad_post_title":"hide","_kad_post_layout":"fullwidth","_kad_post_sidebar_id":"","_kad_post_content_style":"unboxed","_kad_post_vertical_padding":"hide","_kad_post_feature":"hide","_kad_post_feature_position":"","_kad_post_header":false,"_kad_post_footer":false,"footnotes":""},"class_list":["post-1637","page","type-page","status-publish","has-post-thumbnail","hentry"],"_links":{"self":[{"href":"https:\/\/tennis.9-tailed.com\/index.php?rest_route=\/wp\/v2\/pages\/1637","targetHints":{"allow":["GET"]}}],"collection":[{"href":"https:\/\/tennis.9-tailed.com\/index.php?rest_route=\/wp\/v2\/pages"}],"about":[{"href":"https:\/\/tennis.9-tailed.com\/index.php?rest_route=\/wp\/v2\/types\/page"}],"author":[{"embeddable":true,"href":"https:\/\/tennis.9-tailed.com\/index.php?rest_route=\/wp\/v2\/users\/2"}],"replies":[{"embeddable":true,"href":"https:\/\/tennis.9-tailed.com\/index.php?rest_route=%2Fwp%2Fv2%2Fcomments&post=1637"}],"version-history":[{"count":3,"href":"https:\/\/tennis.9-tailed.com\/index.php?rest_route=\/wp\/v2\/pages\/1637\/revisions"}],"predecessor-version":[{"id":1642,"href":"https:\/\/tennis.9-tailed.com\/index.php?rest_route=\/wp\/v2\/pages\/1637\/revisions\/1642"}],"wp:featuredmedia":[{"embeddable":true,"href":"https:\/\/tennis.9-tailed.com\/index.php?rest_route=\/wp\/v2\/media\/1397"}],"wp:attachment":[{"href":"https:\/\/tennis.9-tailed.com\/index.php?rest_route=%2Fwp%2Fv2%2Fmedia&parent=1637"}],"curies":[{"name":"wp","href":"https:\/\/api.w.org\/{rel}","templated":true}]}}