{"id":1548,"date":"2024-05-27T09:28:12","date_gmt":"2024-05-27T09:28:12","guid":{"rendered":"https:\/\/tennis.9-tailed.com\/?page_id=1548"},"modified":"2024-05-27T11:14:04","modified_gmt":"2024-05-27T11:14:04","slug":"about-4","status":"publish","type":"page","link":"https:\/\/tennis.9-tailed.com\/?page_id=1548","title":{"rendered":"Vorstand"},"content":{"rendered":"<style>.kb-row-layout-id1548_52dfdc-83 > .kt-row-column-wrap{align-content:start;}:where(.kb-row-layout-id1548_52dfdc-83 > .kt-row-column-wrap) > .wp-block-kadence-column{justify-content:start;}.kb-row-layout-id1548_52dfdc-83 > .kt-row-column-wrap{column-gap:var(--global-kb-gap-md, 2rem);row-gap:var(--global-kb-gap-md, 2rem);max-width:var( --global-content-width, 1290px );padding-left:var(--global-content-edge-padding);padding-right:var(--global-content-edge-padding);padding-top:320px;padding-right:20px;padding-bottom:140px;padding-left:20px;grid-template-columns:minmax(0, 1fr);}.kb-row-layout-id1548_52dfdc-83{background-image:url('https:\/\/tennis.9-tailed.com\/wp-content\/uploads\/2024\/05\/Bild2-scaled.jpg');background-size:cover;background-position:48% 55.00000000000001%;background-attachment:scroll;background-repeat:no-repeat;}.kb-row-layout-id1548_52dfdc-83 > .kt-row-layout-overlay{opacity:0.55;background-color:var(--global-palette3, #1A202C);mix-blend-mode:normal;}@media all and (max-width: 1024px){.kb-row-layout-id1548_52dfdc-83 > .kt-row-column-wrap{grid-template-columns:minmax(0, 1fr);}}@media all and (max-width: 767px){.kb-row-layout-id1548_52dfdc-83 > .kt-row-column-wrap{padding-top:var(--global-kb-spacing-xxl, 5rem);grid-template-columns:minmax(0, 1fr);}}<\/style><div class=\"kb-row-layout-wrap kb-row-layout-id1548_52dfdc-83 alignnone kt-row-has-bg wp-block-kadence-rowlayout\"><div class=\"kt-row-layout-overlay kt-row-overlay-normal\"><\/div><div class=\"kt-row-column-wrap kt-has-1-columns kt-row-layout-equal kt-tab-layout-inherit kt-mobile-layout-row kt-row-valign-top kb-theme-content-width\">\n<style>.kadence-column1548_3f8855-c7 > .kt-inside-inner-col,.kadence-column1548_3f8855-c7 > .kt-inside-inner-col:before{border-top-left-radius:0px;border-top-right-radius:0px;border-bottom-right-radius:0px;border-bottom-left-radius:0px;}.kadence-column1548_3f8855-c7 > .kt-inside-inner-col{column-gap:var(--global-kb-gap-sm, 1rem);}.kadence-column1548_3f8855-c7 > .kt-inside-inner-col{flex-direction:column;}.kadence-column1548_3f8855-c7 > .kt-inside-inner-col > .aligncenter{width:100%;}.kadence-column1548_3f8855-c7 > .kt-inside-inner-col:before{opacity:0.3;}.kadence-column1548_3f8855-c7{position:relative;}@media all and (max-width: 1024px){.kadence-column1548_3f8855-c7 > .kt-inside-inner-col{flex-direction:column;}}@media all and (max-width: 767px){.kadence-column1548_3f8855-c7 > .kt-inside-inner-col{flex-direction:column;}}<\/style>\n<div class=\"wp-block-kadence-column kadence-column1548_3f8855-c7 inner-column-1\"><div class=\"kt-inside-inner-col\"><style>.wp-block-kadence-spacer.kt-block-spacer-1548_a7f2ca-fb .kt-block-spacer{height:6px;}.wp-block-kadence-spacer.kt-block-spacer-1548_a7f2ca-fb .kt-divider{border-top-width:1px;height:1px;border-top-color:var(--global-palette2, #2B6CB0);width:10%;border-top-style:solid;}<\/style>\n<div class=\"wp-block-kadence-spacer aligncenter kt-block-spacer-1548_a7f2ca-fb\"><div class=\"kt-block-spacer kt-block-spacer-halign-center\"><hr class=\"kt-divider\"\/><\/div><\/div>\n\n\n<style>.wp-block-kadence-advancedheading.kt-adv-heading1548_402b3a-25, .wp-block-kadence-advancedheading.kt-adv-heading1548_402b3a-25[data-kb-block=\"kb-adv-heading1548_402b3a-25\"]{margin-top:0px;text-align:center;font-style:normal;}.wp-block-kadence-advancedheading.kt-adv-heading1548_402b3a-25 mark, .wp-block-kadence-advancedheading.kt-adv-heading1548_402b3a-25[data-kb-block=\"kb-adv-heading1548_402b3a-25\"] mark{font-style:normal;color:#f76a0c;padding-top:0px;padding-right:0px;padding-bottom:0px;padding-left:0px;}<\/style>\n<h2 class=\"kt-adv-heading1548_402b3a-25 wp-block-kadence-advancedheading has-theme-palette-9-color has-text-color\" data-kb-block=\"kb-adv-heading1548_402b3a-25\">Vorstand<\/h2>\n\n\n<style>.wp-block-kadence-advancedheading.kt-adv-heading1548_9360c9-e1, .wp-block-kadence-advancedheading.kt-adv-heading1548_9360c9-e1[data-kb-block=\"kb-adv-heading1548_9360c9-e1\"]{text-align:center;font-style:normal;}.wp-block-kadence-advancedheading.kt-adv-heading1548_9360c9-e1 mark, .wp-block-kadence-advancedheading.kt-adv-heading1548_9360c9-e1[data-kb-block=\"kb-adv-heading1548_9360c9-e1\"] mark{font-style:normal;color:#f76a0c;padding-top:0px;padding-right:0px;padding-bottom:0px;padding-left:0px;}<\/style>\n<p class=\"kt-adv-heading1548_9360c9-e1 wp-block-kadence-advancedheading has-theme-palette-9-color has-text-color\" data-kb-block=\"kb-adv-heading1548_9360c9-e1\">Eine starke F\u00fchrungsmannschaft<\/p>\n<\/div><\/div>\n\n<\/div><\/div>\n\n\n<div class=\"wp-block-columns is-layout-flex wp-container-core-columns-is-layout-9d6595d7 wp-block-columns-is-layout-flex\">\n<div class=\"wp-block-column is-layout-flow wp-block-column-is-layout-flow\"><\/div>\n<\/div>\n\n\n<style>.kadence-column1548_e1f00e-29 > .kt-inside-inner-col,.kadence-column1548_e1f00e-29 > .kt-inside-inner-col:before{border-top-left-radius:0px;border-top-right-radius:0px;border-bottom-right-radius:0px;border-bottom-left-radius:0px;}.kadence-column1548_e1f00e-29 > .kt-inside-inner-col{column-gap:var(--global-kb-gap-sm, 1rem);}.kadence-column1548_e1f00e-29 > .kt-inside-inner-col{flex-direction:column;}.kadence-column1548_e1f00e-29 > .kt-inside-inner-col > .aligncenter{width:100%;}.kadence-column1548_e1f00e-29 > .kt-inside-inner-col:before{opacity:0.3;}.kadence-column1548_e1f00e-29{position:relative;}@media all and (max-width: 1024px){.kadence-column1548_e1f00e-29 > .kt-inside-inner-col{flex-direction:column;}}@media all and (max-width: 767px){.kadence-column1548_e1f00e-29 > .kt-inside-inner-col{flex-direction:column;}}<\/style>\n<div class=\"wp-block-kadence-column kadence-column1548_e1f00e-29\"><div class=\"kt-inside-inner-col\">\n<h2 class=\"wp-block-heading has-text-align-center\">Eine starke F\u00fchrungsmannschaft<\/h2>\n<\/div><\/div>\n\n\n<style>.kb-row-layout-id1548_6109c2-45 > .kt-row-column-wrap{align-content:start;}:where(.kb-row-layout-id1548_6109c2-45 > .kt-row-column-wrap) > .wp-block-kadence-column{justify-content:start;}.kb-row-layout-id1548_6109c2-45 > .kt-row-column-wrap{column-gap:var(--global-kb-gap-md, 2rem);row-gap:var(--global-kb-gap-md, 2rem);padding-top:var(--global-kb-spacing-sm, 1.5rem);padding-bottom:var(--global-kb-spacing-sm, 1.5rem);padding-left:var(--global-kb-spacing-5xl, 10rem);grid-template-columns:repeat(5, minmax(0, 1fr));}.kb-row-layout-id1548_6109c2-45 > .kt-row-layout-overlay{opacity:0.30;}@media all and (max-width: 1024px){.kb-row-layout-id1548_6109c2-45 > .kt-row-column-wrap{grid-template-columns:repeat(5, minmax(0, 1fr));}}@media all and (max-width: 767px){.kb-row-layout-id1548_6109c2-45 > .kt-row-column-wrap{grid-template-columns:minmax(0, 1fr);}}<\/style><div class=\"kb-row-layout-wrap kb-row-layout-id1548_6109c2-45 alignnone wp-block-kadence-rowlayout\"><div class=\"kt-row-column-wrap kt-has-5-columns kt-row-layout-equal kt-tab-layout-inherit kt-mobile-layout-row kt-row-valign-top\">\n<style>.kadence-column1548_2a7229-fb > .kt-inside-inner-col,.kadence-column1548_2a7229-fb > .kt-inside-inner-col:before{border-top-left-radius:0px;border-top-right-radius:0px;border-bottom-right-radius:0px;border-bottom-left-radius:0px;}.kadence-column1548_2a7229-fb > .kt-inside-inner-col{column-gap:var(--global-kb-gap-sm, 1rem);}.kadence-column1548_2a7229-fb > .kt-inside-inner-col{flex-direction:column;}.kadence-column1548_2a7229-fb > .kt-inside-inner-col > .aligncenter{width:100%;}.kadence-column1548_2a7229-fb > .kt-inside-inner-col:before{opacity:0.3;}.kadence-column1548_2a7229-fb{position:relative;}@media all and (max-width: 1024px){.kadence-column1548_2a7229-fb > .kt-inside-inner-col{flex-direction:column;}}@media all and (max-width: 767px){.kadence-column1548_2a7229-fb > .kt-inside-inner-col{flex-direction:column;}}<\/style>\n<div class=\"wp-block-kadence-column kadence-column1548_2a7229-fb\"><div class=\"kt-inside-inner-col\">\n<h5 class=\"wp-block-heading\">Tommaso Gruosso<\/h5>\n\n\n\n<p>Pr\u00e4sident &amp; Sponsoring<br><a href=\"mailto:t.gruosso@tc-lauterach.at\">t.gruosso@tc-lauterach.at<\/a><br><a href=\"mailto:t.gruosso@tc-lauterach.at\"><\/a><\/p>\n<\/div><\/div>\n\n\n<style>.kadence-column1548_122931-b3 > .kt-inside-inner-col,.kadence-column1548_122931-b3 > .kt-inside-inner-col:before{border-top-left-radius:0px;border-top-right-radius:0px;border-bottom-right-radius:0px;border-bottom-left-radius:0px;}.kadence-column1548_122931-b3 > .kt-inside-inner-col{column-gap:var(--global-kb-gap-sm, 1rem);}.kadence-column1548_122931-b3 > .kt-inside-inner-col{flex-direction:column;}.kadence-column1548_122931-b3 > .kt-inside-inner-col > .aligncenter{width:100%;}.kadence-column1548_122931-b3 > .kt-inside-inner-col:before{opacity:0.3;}.kadence-column1548_122931-b3{position:relative;}@media all and (max-width: 1024px){.kadence-column1548_122931-b3 > .kt-inside-inner-col{flex-direction:column;}}@media all and (max-width: 767px){.kadence-column1548_122931-b3 > .kt-inside-inner-col{flex-direction:column;}}<\/style>\n<div class=\"wp-block-kadence-column kadence-column1548_122931-b3\"><div class=\"kt-inside-inner-col\">\n<h5 class=\"wp-block-heading\">Nicole Markowski<\/h5>\n\n\n\n<p>Leiterin Finanzen\/Kassierin<br><a href=\"mailto:n.markowski@tc-lauterach.at\">n.markowski@tc-lauterach.at<\/a><\/p>\n<\/div><\/div>\n\n\n<style>.kadence-column1548_7e30fe-13 > .kt-inside-inner-col,.kadence-column1548_7e30fe-13 > .kt-inside-inner-col:before{border-top-left-radius:0px;border-top-right-radius:0px;border-bottom-right-radius:0px;border-bottom-left-radius:0px;}.kadence-column1548_7e30fe-13 > .kt-inside-inner-col{column-gap:var(--global-kb-gap-sm, 1rem);}.kadence-column1548_7e30fe-13 > .kt-inside-inner-col{flex-direction:column;}.kadence-column1548_7e30fe-13 > .kt-inside-inner-col > .aligncenter{width:100%;}.kadence-column1548_7e30fe-13 > .kt-inside-inner-col:before{opacity:0.3;}.kadence-column1548_7e30fe-13{position:relative;}@media all and (max-width: 1024px){.kadence-column1548_7e30fe-13 > .kt-inside-inner-col{flex-direction:column;}}@media all and (max-width: 767px){.kadence-column1548_7e30fe-13 > .kt-inside-inner-col{flex-direction:column;}}<\/style>\n<div class=\"wp-block-kadence-column kadence-column1548_7e30fe-13\"><div class=\"kt-inside-inner-col\">\n<h5 class=\"wp-block-heading\">Maximilian Bauer<\/h5>\n\n\n\n<p>Stv. Sportlicher Leiter Jugend<br><a href=\"mailto:m.bauer@tc-lauterach.at\">m.bauer@tc-lauterach.at<\/a><\/p>\n<\/div><\/div>\n\n\n<style>.kadence-column1548_9119a7-63 > .kt-inside-inner-col,.kadence-column1548_9119a7-63 > .kt-inside-inner-col:before{border-top-left-radius:0px;border-top-right-radius:0px;border-bottom-right-radius:0px;border-bottom-left-radius:0px;}.kadence-column1548_9119a7-63 > .kt-inside-inner-col{column-gap:var(--global-kb-gap-sm, 1rem);}.kadence-column1548_9119a7-63 > .kt-inside-inner-col{flex-direction:column;}.kadence-column1548_9119a7-63 > .kt-inside-inner-col > .aligncenter{width:100%;}.kadence-column1548_9119a7-63 > .kt-inside-inner-col:before{opacity:0.3;}.kadence-column1548_9119a7-63{position:relative;}@media all and (max-width: 1024px){.kadence-column1548_9119a7-63 > .kt-inside-inner-col{flex-direction:column;}}@media all and (max-width: 767px){.kadence-column1548_9119a7-63 > .kt-inside-inner-col{flex-direction:column;}}<\/style>\n<div class=\"wp-block-kadence-column kadence-column1548_9119a7-63\"><div class=\"kt-inside-inner-col\">\n<h5 class=\"wp-block-heading\">Mario Kalb<\/h5>\n\n\n\n<p>Vizepr\u00e4sident &amp; bauliche Ma\u00dfnahmen<br><a href=\"mailto:m.kalb@tc-lauterach.at\">m.kalb@tc-lauterach.at<\/a><\/p>\n<\/div><\/div>\n\n\n<style>.kadence-column1548_656328-9e > .kt-inside-inner-col,.kadence-column1548_656328-9e > .kt-inside-inner-col:before{border-top-left-radius:0px;border-top-right-radius:0px;border-bottom-right-radius:0px;border-bottom-left-radius:0px;}.kadence-column1548_656328-9e > .kt-inside-inner-col{column-gap:var(--global-kb-gap-sm, 1rem);}.kadence-column1548_656328-9e > .kt-inside-inner-col{flex-direction:column;}.kadence-column1548_656328-9e > .kt-inside-inner-col > .aligncenter{width:100%;}.kadence-column1548_656328-9e > .kt-inside-inner-col:before{opacity:0.3;}.kadence-column1548_656328-9e{position:relative;}@media all and (max-width: 1024px){.kadence-column1548_656328-9e > .kt-inside-inner-col{flex-direction:column;}}@media all and (max-width: 767px){.kadence-column1548_656328-9e > .kt-inside-inner-col{flex-direction:column;}}<\/style>\n<div class=\"wp-block-kadence-column kadence-column1548_656328-9e\"><div class=\"kt-inside-inner-col\">\n<h5 class=\"wp-block-heading\">J\u00fcrgen Haltmeier<\/h5>\n\n\n\n<p>Sportlicher Direktor<br><a href=\"mailto:j.haltmeier@tc-lauterach.at\">j.haltmeier@tc-lauterach.at<\/a><\/p>\n<\/div><\/div>\n\n<\/div><\/div>\n\n<style>.kb-row-layout-id1548_bf16f8-2e > .kt-row-column-wrap{align-content:start;}:where(.kb-row-layout-id1548_bf16f8-2e > .kt-row-column-wrap) > .wp-block-kadence-column{justify-content:start;}.kb-row-layout-id1548_bf16f8-2e > .kt-row-column-wrap{column-gap:var(--global-kb-gap-md, 2rem);row-gap:var(--global-kb-gap-md, 2rem);padding-top:var(--global-kb-spacing-sm, 1.5rem);padding-bottom:var(--global-kb-spacing-sm, 1.5rem);padding-left:var(--global-kb-spacing-5xl, 10rem);grid-template-columns:repeat(5, minmax(0, 1fr));}.kb-row-layout-id1548_bf16f8-2e > .kt-row-layout-overlay{opacity:0.30;}@media all and (max-width: 1024px){.kb-row-layout-id1548_bf16f8-2e > .kt-row-column-wrap{grid-template-columns:repeat(5, minmax(0, 1fr));}}@media all and (max-width: 767px){.kb-row-layout-id1548_bf16f8-2e > .kt-row-column-wrap{grid-template-columns:minmax(0, 1fr);}}<\/style><div class=\"kb-row-layout-wrap kb-row-layout-id1548_bf16f8-2e alignnone wp-block-kadence-rowlayout\"><div class=\"kt-row-column-wrap kt-has-5-columns kt-row-layout-equal kt-tab-layout-inherit kt-mobile-layout-row kt-row-valign-top\">\n<style>.kadence-column1548_3048aa-b6 > .kt-inside-inner-col,.kadence-column1548_3048aa-b6 > .kt-inside-inner-col:before{border-top-left-radius:0px;border-top-right-radius:0px;border-bottom-right-radius:0px;border-bottom-left-radius:0px;}.kadence-column1548_3048aa-b6 > .kt-inside-inner-col{column-gap:var(--global-kb-gap-sm, 1rem);}.kadence-column1548_3048aa-b6 > .kt-inside-inner-col{flex-direction:column;}.kadence-column1548_3048aa-b6 > .kt-inside-inner-col > .aligncenter{width:100%;}.kadence-column1548_3048aa-b6 > .kt-inside-inner-col:before{opacity:0.3;}.kadence-column1548_3048aa-b6{position:relative;}@media all and (max-width: 1024px){.kadence-column1548_3048aa-b6 > .kt-inside-inner-col{flex-direction:column;}}@media all and (max-width: 767px){.kadence-column1548_3048aa-b6 > .kt-inside-inner-col{flex-direction:column;}}<\/style>\n<div class=\"wp-block-kadence-column kadence-column1548_3048aa-b6\"><div class=\"kt-inside-inner-col\">\n<h5 class=\"wp-block-heading\">Lisa Amalia di Bernardo<\/h5>\n\n\n\n<p>Schriftf\u00fchrerin &amp; Mitgliederverwaltung<br><a href=\"mailto:l.bernardo@tc-lauterach.at\">l.bernardo@tc-lauterach.at<\/a><br><\/p>\n<\/div><\/div>\n\n\n<style>.kadence-column1548_37ac5d-b0 > .kt-inside-inner-col,.kadence-column1548_37ac5d-b0 > .kt-inside-inner-col:before{border-top-left-radius:0px;border-top-right-radius:0px;border-bottom-right-radius:0px;border-bottom-left-radius:0px;}.kadence-column1548_37ac5d-b0 > .kt-inside-inner-col{column-gap:var(--global-kb-gap-sm, 1rem);}.kadence-column1548_37ac5d-b0 > .kt-inside-inner-col{flex-direction:column;}.kadence-column1548_37ac5d-b0 > .kt-inside-inner-col > .aligncenter{width:100%;}.kadence-column1548_37ac5d-b0 > .kt-inside-inner-col:before{opacity:0.3;}.kadence-column1548_37ac5d-b0{position:relative;}@media all and (max-width: 1024px){.kadence-column1548_37ac5d-b0 > .kt-inside-inner-col{flex-direction:column;}}@media all and (max-width: 767px){.kadence-column1548_37ac5d-b0 > .kt-inside-inner-col{flex-direction:column;}}<\/style>\n<div class=\"wp-block-kadence-column kadence-column1548_37ac5d-b0\"><div class=\"kt-inside-inner-col\">\n<h5 class=\"wp-block-heading\">Frederic G\u00f6tsch<\/h5>\n\n\n\n<p>Sportlicher Leiter Jugend<br><a href=\"mailto:m.goetsch@tc-lauterach.at\">m.goetsch@tc-lauterach.at<\/a><\/p>\n<\/div><\/div>\n\n\n<style>.kadence-column1548_d5bbf5-50 > .kt-inside-inner-col,.kadence-column1548_d5bbf5-50 > .kt-inside-inner-col:before{border-top-left-radius:0px;border-top-right-radius:0px;border-bottom-right-radius:0px;border-bottom-left-radius:0px;}.kadence-column1548_d5bbf5-50 > .kt-inside-inner-col{column-gap:var(--global-kb-gap-sm, 1rem);}.kadence-column1548_d5bbf5-50 > .kt-inside-inner-col{flex-direction:column;}.kadence-column1548_d5bbf5-50 > .kt-inside-inner-col > .aligncenter{width:100%;}.kadence-column1548_d5bbf5-50 > .kt-inside-inner-col:before{opacity:0.3;}.kadence-column1548_d5bbf5-50{position:relative;}@media all and (max-width: 1024px){.kadence-column1548_d5bbf5-50 > .kt-inside-inner-col{flex-direction:column;}}@media all and (max-width: 767px){.kadence-column1548_d5bbf5-50 > .kt-inside-inner-col{flex-direction:column;}}<\/style>\n<div class=\"wp-block-kadence-column kadence-column1548_d5bbf5-50\"><div class=\"kt-inside-inner-col\">\n<h5 class=\"wp-block-heading\">Magdalena Feuerstein<\/h5>\n\n\n\n<p>Leitung Sportmember<br><a href=\"mailto:m.feuerstein@tc-lauterach.at\">m.feuerstein@tc-lauterach.at<\/a><\/p>\n<\/div><\/div>\n\n\n<style>.kadence-column1548_81db69-31 > .kt-inside-inner-col,.kadence-column1548_81db69-31 > .kt-inside-inner-col:before{border-top-left-radius:0px;border-top-right-radius:0px;border-bottom-right-radius:0px;border-bottom-left-radius:0px;}.kadence-column1548_81db69-31 > .kt-inside-inner-col{column-gap:var(--global-kb-gap-sm, 1rem);}.kadence-column1548_81db69-31 > .kt-inside-inner-col{flex-direction:column;}.kadence-column1548_81db69-31 > .kt-inside-inner-col > .aligncenter{width:100%;}.kadence-column1548_81db69-31 > .kt-inside-inner-col:before{opacity:0.3;}.kadence-column1548_81db69-31{position:relative;}@media all and (max-width: 1024px){.kadence-column1548_81db69-31 > .kt-inside-inner-col{flex-direction:column;}}@media all and (max-width: 767px){.kadence-column1548_81db69-31 > .kt-inside-inner-col{flex-direction:column;}}<\/style>\n<div class=\"wp-block-kadence-column kadence-column1548_81db69-31\"><div class=\"kt-inside-inner-col\">\n<h5 class=\"wp-block-heading\">Ernst Gasser<\/h5>\n\n\n\n<p>Sportlicher Leiter Senioren &amp; Damen<br><a href=\"mailto:e.gasser@tc-lauterach.at\">e.gasser@tc-lauterach.at<\/a><\/p>\n<\/div><\/div>\n\n\n<style>.kadence-column1548_c5f517-64 > .kt-inside-inner-col,.kadence-column1548_c5f517-64 > .kt-inside-inner-col:before{border-top-left-radius:0px;border-top-right-radius:0px;border-bottom-right-radius:0px;border-bottom-left-radius:0px;}.kadence-column1548_c5f517-64 > .kt-inside-inner-col{column-gap:var(--global-kb-gap-sm, 1rem);}.kadence-column1548_c5f517-64 > .kt-inside-inner-col{flex-direction:column;}.kadence-column1548_c5f517-64 > .kt-inside-inner-col > .aligncenter{width:100%;}.kadence-column1548_c5f517-64 > .kt-inside-inner-col:before{opacity:0.3;}.kadence-column1548_c5f517-64{position:relative;}@media all and (max-width: 1024px){.kadence-column1548_c5f517-64 > .kt-inside-inner-col{flex-direction:column;}}@media all and (max-width: 767px){.kadence-column1548_c5f517-64 > .kt-inside-inner-col{flex-direction:column;}}<\/style>\n<div class=\"wp-block-kadence-column kadence-column1548_c5f517-64\"><div class=\"kt-inside-inner-col\"><\/div><\/div>\n\n<\/div><\/div>","protected":false},"excerpt":{"rendered":"<p>Vorstand Eine starke F\u00fchrungsmannschaft Eine starke F\u00fchrungsmannschaft Tommaso Gruosso Pr\u00e4sident &amp; Sponsoringt.gruosso@tc-lauterach.at Nicole Markowski Leiterin Finanzen\/Kassierinn.markowski@tc-lauterach.at Maximilian Bauer Stv. Sportlicher Leiter Jugendm.bauer@tc-lauterach.at Mario Kalb Vizepr\u00e4sident &amp; bauliche Ma\u00dfnahmenm.kalb@tc-lauterach.at J\u00fcrgen Haltmeier Sportlicher Direktorj.haltmeier@tc-lauterach.at Lisa Amalia di Bernardo Schriftf\u00fchrerin &amp; Mitgliederverwaltungl.bernardo@tc-lauterach.at Frederic G\u00f6tsch Sportlicher Leiter Jugendm.goetsch@tc-lauterach.at Magdalena Feuerstein Leitung Sportmemberm.feuerstein@tc-lauterach.at Ernst Gasser Sportlicher Leiter Senioren &amp; Damene.gasser@tc-lauterach.at<\/p>\n","protected":false},"author":2,"featured_media":1397,"parent":0,"menu_order":0,"comment_status":"closed","ping_status":"closed","template":"","meta":{"ngg_post_thumbnail":0,"_kadence_starter_templates_imported_post":true,"_kad_post_transparent":"","_kad_post_title":"hide","_kad_post_layout":"fullwidth","_kad_post_sidebar_id":"","_kad_post_content_style":"unboxed","_kad_post_vertical_padding":"hide","_kad_post_feature":"hide","_kad_post_feature_position":"","_kad_post_header":false,"_kad_post_footer":false,"footnotes":""},"class_list":["post-1548","page","type-page","status-publish","has-post-thumbnail","hentry"],"_links":{"self":[{"href":"https:\/\/tennis.9-tailed.com\/index.php?rest_route=\/wp\/v2\/pages\/1548","targetHints":{"allow":["GET"]}}],"collection":[{"href":"https:\/\/tennis.9-tailed.com\/index.php?rest_route=\/wp\/v2\/pages"}],"about":[{"href":"https:\/\/tennis.9-tailed.com\/index.php?rest_route=\/wp\/v2\/types\/page"}],"author":[{"embeddable":true,"href":"https:\/\/tennis.9-tailed.com\/index.php?rest_route=\/wp\/v2\/users\/2"}],"replies":[{"embeddable":true,"href":"https:\/\/tennis.9-tailed.com\/index.php?rest_route=%2Fwp%2Fv2%2Fcomments&post=1548"}],"version-history":[{"count":5,"href":"https:\/\/tennis.9-tailed.com\/index.php?rest_route=\/wp\/v2\/pages\/1548\/revisions"}],"predecessor-version":[{"id":1590,"href":"https:\/\/tennis.9-tailed.com\/index.php?rest_route=\/wp\/v2\/pages\/1548\/revisions\/1590"}],"wp:featuredmedia":[{"embeddable":true,"href":"https:\/\/tennis.9-tailed.com\/index.php?rest_route=\/wp\/v2\/media\/1397"}],"wp:attachment":[{"href":"https:\/\/tennis.9-tailed.com\/index.php?rest_route=%2Fwp%2Fv2%2Fmedia&parent=1548"}],"curies":[{"name":"wp","href":"https:\/\/api.w.org\/{rel}","templated":true}]}}