{"id":1542,"date":"2024-05-27T08:58:16","date_gmt":"2024-05-27T08:58:16","guid":{"rendered":"https:\/\/tennis.9-tailed.com\/?page_id=1542"},"modified":"2024-06-04T12:15:55","modified_gmt":"2024-06-04T12:15:55","slug":"about-3","status":"publish","type":"page","link":"https:\/\/tennis.9-tailed.com\/?page_id=1542","title":{"rendered":"Mitglieder"},"content":{"rendered":"<style>.kb-row-layout-id1542_7b859c-1d > .kt-row-column-wrap{align-content:start;}:where(.kb-row-layout-id1542_7b859c-1d > .kt-row-column-wrap) > .wp-block-kadence-column{justify-content:start;}.kb-row-layout-id1542_7b859c-1d > .kt-row-column-wrap{column-gap:var(--global-kb-gap-md, 2rem);row-gap:var(--global-kb-gap-md, 2rem);max-width:var( --global-content-width, 1290px );padding-left:var(--global-content-edge-padding);padding-right:var(--global-content-edge-padding);padding-top:320px;padding-right:20px;padding-bottom:140px;padding-left:20px;grid-template-columns:minmax(0, 1fr);}.kb-row-layout-id1542_7b859c-1d{background-image:url('https:\/\/tennis.9-tailed.com\/wp-content\/uploads\/2024\/05\/Mitglieder-scaled.jpg');background-size:cover;background-position:center center;background-attachment:scroll;background-repeat:no-repeat;}.kb-row-layout-id1542_7b859c-1d > .kt-row-layout-overlay{opacity:0.55;background-color:var(--global-palette3, #1A202C);mix-blend-mode:normal;}@media all and (max-width: 1024px){.kb-row-layout-id1542_7b859c-1d > .kt-row-column-wrap{grid-template-columns:minmax(0, 1fr);}}@media all and (max-width: 767px){.kb-row-layout-id1542_7b859c-1d > .kt-row-column-wrap{padding-top:var(--global-kb-spacing-xxl, 5rem);grid-template-columns:minmax(0, 1fr);}}<\/style><div class=\"kb-row-layout-wrap kb-row-layout-id1542_7b859c-1d alignnone kt-row-has-bg wp-block-kadence-rowlayout\"><div class=\"kt-row-layout-overlay kt-row-overlay-normal\"><\/div><div class=\"kt-row-column-wrap kt-has-1-columns kt-row-layout-equal kt-tab-layout-inherit kt-mobile-layout-row kt-row-valign-top kb-theme-content-width\">\n<style>.kadence-column1542_43861f-81 > .kt-inside-inner-col,.kadence-column1542_43861f-81 > .kt-inside-inner-col:before{border-top-left-radius:0px;border-top-right-radius:0px;border-bottom-right-radius:0px;border-bottom-left-radius:0px;}.kadence-column1542_43861f-81 > .kt-inside-inner-col{column-gap:var(--global-kb-gap-sm, 1rem);}.kadence-column1542_43861f-81 > .kt-inside-inner-col{flex-direction:column;}.kadence-column1542_43861f-81 > .kt-inside-inner-col > .aligncenter{width:100%;}.kadence-column1542_43861f-81 > .kt-inside-inner-col:before{opacity:0.3;}.kadence-column1542_43861f-81{position:relative;}@media all and (max-width: 1024px){.kadence-column1542_43861f-81 > .kt-inside-inner-col{flex-direction:column;}}@media all and (max-width: 767px){.kadence-column1542_43861f-81 > .kt-inside-inner-col{flex-direction:column;}}<\/style>\n<div class=\"wp-block-kadence-column kadence-column1542_43861f-81 inner-column-1\"><div class=\"kt-inside-inner-col\"><style>.wp-block-kadence-spacer.kt-block-spacer-1542_fcdcba-e4 .kt-block-spacer{height:6px;}.wp-block-kadence-spacer.kt-block-spacer-1542_fcdcba-e4 .kt-divider{border-top-width:1px;height:1px;border-top-color:var(--global-palette2, #2B6CB0);width:10%;border-top-style:solid;}<\/style>\n<div class=\"wp-block-kadence-spacer aligncenter kt-block-spacer-1542_fcdcba-e4\"><div class=\"kt-block-spacer kt-block-spacer-halign-center\"><hr class=\"kt-divider\"\/><\/div><\/div>\n\n\n<style>.wp-block-kadence-advancedheading.kt-adv-heading1542_72e428-17, .wp-block-kadence-advancedheading.kt-adv-heading1542_72e428-17[data-kb-block=\"kb-adv-heading1542_72e428-17\"]{margin-top:0px;text-align:center;font-style:normal;}.wp-block-kadence-advancedheading.kt-adv-heading1542_72e428-17 mark, .wp-block-kadence-advancedheading.kt-adv-heading1542_72e428-17[data-kb-block=\"kb-adv-heading1542_72e428-17\"] mark{font-style:normal;color:#f76a0c;padding-top:0px;padding-right:0px;padding-bottom:0px;padding-left:0px;}<\/style>\n<h2 class=\"kt-adv-heading1542_72e428-17 wp-block-kadence-advancedheading has-theme-palette-9-color has-text-color\" data-kb-block=\"kb-adv-heading1542_72e428-17\">MITGLIEDER<\/h2>\n\n\n<style>.wp-block-kadence-advancedheading.kt-adv-heading1542_080b5d-cb, .wp-block-kadence-advancedheading.kt-adv-heading1542_080b5d-cb[data-kb-block=\"kb-adv-heading1542_080b5d-cb\"]{text-align:center;font-style:normal;}.wp-block-kadence-advancedheading.kt-adv-heading1542_080b5d-cb mark, .wp-block-kadence-advancedheading.kt-adv-heading1542_080b5d-cb[data-kb-block=\"kb-adv-heading1542_080b5d-cb\"] mark{font-style:normal;color:#f76a0c;padding-top:0px;padding-right:0px;padding-bottom:0px;padding-left:0px;}<\/style>\n<p class=\"kt-adv-heading1542_080b5d-cb wp-block-kadence-advancedheading has-theme-palette-9-color has-text-color\" data-kb-block=\"kb-adv-heading1542_080b5d-cb\">MEHR ALS NUR EIN&nbsp;TENNISVEREIN<\/p>\n<\/div><\/div>\n\n<\/div><\/div>\n\n<style>.kb-row-layout-id1542_d1b700-d2 > .kt-row-column-wrap{align-content:start;}:where(.kb-row-layout-id1542_d1b700-d2 > .kt-row-column-wrap) > .wp-block-kadence-column{justify-content:start;}.kb-row-layout-id1542_d1b700-d2 > .kt-row-column-wrap{column-gap:var(--global-kb-gap-md, 2rem);row-gap:var(--global-kb-gap-md, 2rem);max-width:var( --global-content-width, 1290px );padding-left:var(--global-content-edge-padding);padding-right:var(--global-content-edge-padding);padding-top:40px;padding-bottom:60px;grid-template-columns:repeat(2, minmax(0, 1fr));}.kb-row-layout-id1542_d1b700-d2{border-top:40px solid var(--global-palette8, #F7FAFC);}.kb-row-layout-id1542_d1b700-d2{background-image:url('https:\/\/tennis.9-tailed.com\/wp-content\/uploads\/2024\/05\/DSC07628.jpg');background-size:contain;background-position:88% 55.00000000000001%;background-attachment:scroll;background-repeat:no-repeat;}.kb-row-layout-id1542_d1b700-d2 > .kt-row-layout-overlay{opacity:0.30;}@media all and (max-width: 1024px){.kb-row-layout-id1542_d1b700-d2 > .kt-row-column-wrap{grid-template-columns:minmax(0, 2fr) minmax(0, 1fr);}}@media all and (max-width: 1024px){.kb-row-layout-id1542_d1b700-d2{border-top:40px solid var(--global-palette8, #F7FAFC);}}@media all and (max-width: 767px){.kb-row-layout-id1542_d1b700-d2 > .kt-row-column-wrap{padding-bottom:60px;grid-template-columns:minmax(0, 1fr);}.kb-row-layout-id1542_d1b700-d2{border-top:40px solid var(--global-palette8, #F7FAFC);}}<\/style><div class=\"kb-row-layout-wrap kb-row-layout-id1542_d1b700-d2 alignnone has-theme-palette8-background-color kt-row-has-bg wp-block-kadence-rowlayout\"><div class=\"kt-row-column-wrap kt-has-2-columns kt-row-layout-equal kt-tab-layout-left-golden kt-mobile-layout-row kt-row-valign-top kb-theme-content-width\">\n<style>.kadence-column1542_70ce9e-33 > .kt-inside-inner-col{padding-top:60px;padding-right:60px;padding-bottom:60px;padding-left:60px;}.kadence-column1542_70ce9e-33 > .kt-inside-inner-col,.kadence-column1542_70ce9e-33 > .kt-inside-inner-col:before{border-top-left-radius:6px;border-top-right-radius:6px;border-bottom-right-radius:6px;border-bottom-left-radius:6px;}.kadence-column1542_70ce9e-33 > .kt-inside-inner-col{column-gap:var(--global-kb-gap-sm, 1rem);}.kadence-column1542_70ce9e-33 > .kt-inside-inner-col{flex-direction:column;}.kadence-column1542_70ce9e-33 > .kt-inside-inner-col > .aligncenter{width:100%;}.kadence-column1542_70ce9e-33 > .kt-inside-inner-col{background-color:var(--global-palette9, #ffffff);}.kadence-column1542_70ce9e-33 > .kt-inside-inner-col:before{opacity:0.3;}.kadence-column1542_70ce9e-33{position:relative;}@media all and (max-width: 1024px){.kadence-column1542_70ce9e-33 > .kt-inside-inner-col{flex-direction:column;}}@media all and (max-width: 767px){.kadence-column1542_70ce9e-33 > .kt-inside-inner-col{padding-top:20px;padding-right:20px;padding-bottom:20px;padding-left:20px;flex-direction:column;}}<\/style>\n<div class=\"wp-block-kadence-column kadence-column1542_70ce9e-33 inner-column-1\"><div class=\"kt-inside-inner-col\"><style>.wp-block-kadence-advancedheading.kt-adv-heading1542_666fff-4b, .wp-block-kadence-advancedheading.kt-adv-heading1542_666fff-4b[data-kb-block=\"kb-adv-heading1542_666fff-4b\"]{font-style:normal;}.wp-block-kadence-advancedheading.kt-adv-heading1542_666fff-4b mark, .wp-block-kadence-advancedheading.kt-adv-heading1542_666fff-4b[data-kb-block=\"kb-adv-heading1542_666fff-4b\"] mark{font-style:normal;color:#f76a0c;padding-top:0px;padding-right:0px;padding-bottom:0px;padding-left:0px;}@media all and (max-width: 767px){.wp-block-kadence-advancedheading.kt-adv-heading1542_666fff-4b, .wp-block-kadence-advancedheading.kt-adv-heading1542_666fff-4b[data-kb-block=\"kb-adv-heading1542_666fff-4b\"]{font-size:28px;}}<\/style>\n<h2 class=\"kt-adv-heading1542_666fff-4b wp-block-kadence-advancedheading has-theme-palette-3-color has-text-color\" data-kb-block=\"kb-adv-heading1542_666fff-4b\">Wir verw\u00f6hnen<br>unsere Mitglieder <\/h2>\n\n\n\n<p>Beim TC Lauterach stehen die Mitglieder im Vordergrund: Sie tragen den Verein. Wir bieten unseren Mitgliedern viele Vorteile. Neben einem&nbsp;aktiven&nbsp;Vereinsleben, sind auch sportliche Wettk\u00e4mpfe und eine moderne Sportanlage Grundlage.&nbsp;Wintertraining, Hallen- und Sandpl\u00e4tze,&nbsp;Head und ATP Partner mit Mitgliederpreisen sind ein Bonus. Alles Informationen findest du hier oder du sprichst einfach einen unseren Vorst\u00e4nde an.&nbsp;<\/p>\n<\/div><\/div>\n\n\n<style>.kadence-column1542_958a50-8a > .kt-inside-inner-col,.kadence-column1542_958a50-8a > .kt-inside-inner-col:before{border-top-left-radius:0px;border-top-right-radius:0px;border-bottom-right-radius:0px;border-bottom-left-radius:0px;}.kadence-column1542_958a50-8a > .kt-inside-inner-col{column-gap:var(--global-kb-gap-sm, 1rem);}.kadence-column1542_958a50-8a > .kt-inside-inner-col{flex-direction:column;}.kadence-column1542_958a50-8a > .kt-inside-inner-col > .aligncenter{width:100%;}.kadence-column1542_958a50-8a > .kt-inside-inner-col:before{opacity:0.3;}.kadence-column1542_958a50-8a{position:relative;}@media all and (max-width: 1024px){.kadence-column1542_958a50-8a > .kt-inside-inner-col{flex-direction:column;}}@media all and (max-width: 767px){.kadence-column1542_958a50-8a > .kt-inside-inner-col{flex-direction:column;}}<\/style>\n<div class=\"wp-block-kadence-column kadence-column1542_958a50-8a kvs-sm-false inner-column-2\"><div class=\"kt-inside-inner-col\"><\/div><\/div>\n\n<\/div><\/div>\n\n<style>.kb-row-layout-id1542_661133-51 > .kt-row-column-wrap{align-content:start;}:where(.kb-row-layout-id1542_661133-51 > .kt-row-column-wrap) > .wp-block-kadence-column{justify-content:start;}.kb-row-layout-id1542_661133-51 > .kt-row-column-wrap{column-gap:var(--global-kb-gap-md, 2rem);row-gap:var(--global-kb-gap-md, 2rem);max-width:var( --global-content-width, 1290px );padding-left:var(--global-content-edge-padding);padding-right:var(--global-content-edge-padding);padding-top:40px;padding-bottom:60px;grid-template-columns:repeat(2, minmax(0, 1fr));}.kb-row-layout-id1542_661133-51{border-top:40px solid var(--global-palette8, #F7FAFC);}.kb-row-layout-id1542_661133-51{background-image:url('https:\/\/tennis.9-tailed.com\/wp-content\/uploads\/2024\/06\/Mitglieder.jpg');background-size:contain;background-position:44% 51%;background-attachment:scroll;background-repeat:no-repeat;}.kb-row-layout-id1542_661133-51 > .kt-row-layout-overlay{opacity:0.30;}@media all and (max-width: 1024px){.kb-row-layout-id1542_661133-51 > .kt-row-column-wrap{grid-template-columns:minmax(0, 2fr) minmax(0, 1fr);}}@media all and (max-width: 1024px){.kb-row-layout-id1542_661133-51{border-top:40px solid var(--global-palette8, #F7FAFC);}}@media all and (max-width: 767px){.kb-row-layout-id1542_661133-51 > .kt-row-column-wrap{padding-bottom:60px;grid-template-columns:minmax(0, 1fr);}.kb-row-layout-id1542_661133-51{border-top:40px solid var(--global-palette8, #F7FAFC);}}<\/style><div class=\"kb-row-layout-wrap kb-row-layout-id1542_661133-51 alignnone has-theme-palette8-background-color kt-row-has-bg wp-block-kadence-rowlayout\"><div class=\"kt-row-column-wrap kt-has-2-columns kt-row-layout-equal kt-tab-layout-left-golden kt-mobile-layout-row kt-row-valign-top kb-theme-content-width\">\n<style>.kadence-column1542_7fe699-36 > .kt-inside-inner-col,.kadence-column1542_7fe699-36 > .kt-inside-inner-col:before{border-top-left-radius:0px;border-top-right-radius:0px;border-bottom-right-radius:0px;border-bottom-left-radius:0px;}.kadence-column1542_7fe699-36 > .kt-inside-inner-col{column-gap:var(--global-kb-gap-sm, 1rem);}.kadence-column1542_7fe699-36 > .kt-inside-inner-col{flex-direction:column;}.kadence-column1542_7fe699-36 > .kt-inside-inner-col > .aligncenter{width:100%;}.kadence-column1542_7fe699-36 > .kt-inside-inner-col:before{opacity:0.3;}.kadence-column1542_7fe699-36{position:relative;}@media all and (max-width: 1024px){.kadence-column1542_7fe699-36 > .kt-inside-inner-col{flex-direction:column;}}@media all and (max-width: 767px){.kadence-column1542_7fe699-36 > .kt-inside-inner-col{flex-direction:column;}}<\/style>\n<div class=\"wp-block-kadence-column kadence-column1542_7fe699-36 kvs-sm-false inner-column-2\"><div class=\"kt-inside-inner-col\"><\/div><\/div>\n\n\n<style>.kadence-column1542_31ebb0-b7 > .kt-inside-inner-col{display:flex;}.kadence-column1542_31ebb0-b7, .kt-inside-inner-col > .kadence-column1542_31ebb0-b7:not(.specificity){margin-right:0px;margin-left:0px;}.kadence-column1542_31ebb0-b7 > .kt-inside-inner-col{padding-top:60px;padding-right:60px;padding-bottom:60px;padding-left:60px;}.kadence-column1542_31ebb0-b7 > .kt-inside-inner-col{min-height:556px;}.kadence-column1542_31ebb0-b7 > .kt-inside-inner-col,.kadence-column1542_31ebb0-b7 > .kt-inside-inner-col:before{border-top-left-radius:6px;border-top-right-radius:6px;border-bottom-right-radius:6px;border-bottom-left-radius:6px;}.kadence-column1542_31ebb0-b7 > .kt-inside-inner-col{column-gap:var(--global-kb-gap-sm, 1rem);}.kadence-column1542_31ebb0-b7 > .kt-inside-inner-col{flex-direction:column;align-items:flex-start;}.kadence-column1542_31ebb0-b7 > .kt-inside-inner-col > .kb-image-is-ratio-size{align-self:stretch;}.kadence-column1542_31ebb0-b7 > .kt-inside-inner-col > .aligncenter{width:100%;}.kadence-column1542_31ebb0-b7 > .kt-inside-inner-col{background-color:var(--global-palette9, #ffffff);}.kadence-column1542_31ebb0-b7 > .kt-inside-inner-col:before{opacity:0.3;}.kadence-column1542_31ebb0-b7{position:relative;}@media all and (max-width: 1024px){.kadence-column1542_31ebb0-b7 > .kt-inside-inner-col{flex-direction:column;align-items:flex-start;}}@media all and (max-width: 767px){.kadence-column1542_31ebb0-b7 > .kt-inside-inner-col{padding-top:20px;padding-right:20px;padding-bottom:20px;padding-left:20px;flex-direction:column;align-items:flex-start;}}<\/style>\n<div class=\"wp-block-kadence-column kadence-column1542_31ebb0-b7 kb-section-dir-vertical inner-column-1\"><div class=\"kt-inside-inner-col\"><style>.wp-block-kadence-advancedheading.kt-adv-heading1542_ce38a6-55, .wp-block-kadence-advancedheading.kt-adv-heading1542_ce38a6-55[data-kb-block=\"kb-adv-heading1542_ce38a6-55\"]{font-style:normal;}.wp-block-kadence-advancedheading.kt-adv-heading1542_ce38a6-55 mark, .wp-block-kadence-advancedheading.kt-adv-heading1542_ce38a6-55[data-kb-block=\"kb-adv-heading1542_ce38a6-55\"] mark{font-style:normal;color:#f76a0c;padding-top:0px;padding-right:0px;padding-bottom:0px;padding-left:0px;}@media all and (max-width: 767px){.wp-block-kadence-advancedheading.kt-adv-heading1542_ce38a6-55, .wp-block-kadence-advancedheading.kt-adv-heading1542_ce38a6-55[data-kb-block=\"kb-adv-heading1542_ce38a6-55\"]{font-size:28px;}}<\/style>\n<h2 class=\"kt-adv-heading1542_ce38a6-55 wp-block-kadence-advancedheading has-theme-palette-3-color has-text-color\" data-kb-block=\"kb-adv-heading1542_ce38a6-55\">F\u00fcr ein Jahr <br>ein Teil von uns<\/h2>\n\n\n\n<ul class=\"has-small-font-size wp-block-list\">\n<li>Einzelperson <strong>170 \u20ac<\/strong><\/li>\n\n\n\n<li>Familienpaket (2 Erwachsene + alle minderj\u00e4hrigen Kinder) *<strong>315 \u20ac<\/strong><\/li>\n\n\n\n<li>Ehepaare \/ Lebensgemeinschaften (gemeinsame Wohnung) <strong>290 \u20ac<\/strong><\/li>\n\n\n\n<li>Kinder und Jugendliche (bis 18 Jahre voll) **<strong>45 \u20ac<\/strong><\/li>\n\n\n\n<li>Kinder-Schnupper-Mitgliedschaft (im ersten Mitgliedsjahr)<strong>35 \u20ac<\/strong><\/li>\n\n\n\n<li>Studenten, Lehrlinge (bis Ausbildungsende, maximal 26) ***<strong>65 \u20ac<\/strong><\/li>\n\n\n\n<li>Passivbeitrag (Mitgliedschaft + 4 G\u00e4stekarten) ****<strong>40 \u20ac<\/strong><\/li>\n\n\n\n<li>Schnupper-Mitgliedschaft (im ersten Mitgliedsjahr)<strong>105 \u20ac<\/strong><\/li>\n\n\n\n<li>Spielberechtigungskarte pro Person f\u00fcr Unternehmen <strong>200 \u20ac<\/strong><\/li>\n\n\n\n<li>G\u00e4stekarten pro Platz\/Stunde <strong>12 \u20ac<\/strong><\/li>\n<\/ul>\n<\/div><\/div>\n\n<\/div><\/div>\n\n\n<p class=\"has-text-align-center\">* Das Familienpaket gilt nur im 1. Verwandtschaftsgrad (Eltern-Kinder,\u00a0 nicht z.B.\u00a0 f\u00fcr Neffen, Nichten, Enkelkinder)<br>** Jugendliche, die bis zum 1. April des Jahres noch nicht 18 Jahre voll sind, zahlen den Jugendlichen-Beitrag von \u20ac 45,-\u00a0ansonsten \u20ac 65,&#8211; wenn sie noch in Ausbildung sind.<br>*** Studenten m\u00fcssen eine aktuelle Studienbest\u00e4tigung\u00a0 und Lehrlinge einen Lehrvertrag vorlegen, um den erm\u00e4\u00dfigten Beitrag zu erhalten. Wenn das Studium bzw. das Lehrverh\u00e4ltnis vor dem 1. April des Jahres beendet wird, f\u00e4llt die Beg\u00fcnstigung weg.<\/p>\n","protected":false},"excerpt":{"rendered":"<p>MITGLIEDER MEHR ALS NUR EIN&nbsp;TENNISVEREIN Wir verw\u00f6hnenunsere Mitglieder Beim TC Lauterach stehen die Mitglieder im Vordergrund: Sie tragen den Verein. Wir bieten unseren Mitgliedern viele Vorteile. Neben einem&nbsp;aktiven&nbsp;Vereinsleben, sind auch sportliche Wettk\u00e4mpfe und eine moderne Sportanlage Grundlage.&nbsp;Wintertraining, Hallen- und Sandpl\u00e4tze,&nbsp;Head und ATP Partner mit Mitgliederpreisen sind ein Bonus. Alles Informationen findest du hier oder du&#8230;<\/p>\n","protected":false},"author":2,"featured_media":1397,"parent":0,"menu_order":0,"comment_status":"closed","ping_status":"closed","template":"","meta":{"ngg_post_thumbnail":0,"_kadence_starter_templates_imported_post":true,"_kad_post_transparent":"","_kad_post_title":"hide","_kad_post_layout":"fullwidth","_kad_post_sidebar_id":"","_kad_post_content_style":"unboxed","_kad_post_vertical_padding":"hide","_kad_post_feature":"hide","_kad_post_feature_position":"","_kad_post_header":false,"_kad_post_footer":false,"footnotes":""},"class_list":["post-1542","page","type-page","status-publish","has-post-thumbnail","hentry"],"_links":{"self":[{"href":"https:\/\/tennis.9-tailed.com\/index.php?rest_route=\/wp\/v2\/pages\/1542","targetHints":{"allow":["GET"]}}],"collection":[{"href":"https:\/\/tennis.9-tailed.com\/index.php?rest_route=\/wp\/v2\/pages"}],"about":[{"href":"https:\/\/tennis.9-tailed.com\/index.php?rest_route=\/wp\/v2\/types\/page"}],"author":[{"embeddable":true,"href":"https:\/\/tennis.9-tailed.com\/index.php?rest_route=\/wp\/v2\/users\/2"}],"replies":[{"embeddable":true,"href":"https:\/\/tennis.9-tailed.com\/index.php?rest_route=%2Fwp%2Fv2%2Fcomments&post=1542"}],"version-history":[{"count":33,"href":"https:\/\/tennis.9-tailed.com\/index.php?rest_route=\/wp\/v2\/pages\/1542\/revisions"}],"predecessor-version":[{"id":1636,"href":"https:\/\/tennis.9-tailed.com\/index.php?rest_route=\/wp\/v2\/pages\/1542\/revisions\/1636"}],"wp:featuredmedia":[{"embeddable":true,"href":"https:\/\/tennis.9-tailed.com\/index.php?rest_route=\/wp\/v2\/media\/1397"}],"wp:attachment":[{"href":"https:\/\/tennis.9-tailed.com\/index.php?rest_route=%2Fwp%2Fv2%2Fmedia&parent=1542"}],"curies":[{"name":"wp","href":"https:\/\/api.w.org\/{rel}","templated":true}]}}