{"id":1441,"date":"2021-12-13T08:57:31","date_gmt":"2021-12-13T08:57:31","guid":{"rendered":"https:\/\/kadence.pixel-show.com\/wooden-craft\/?page_id=14"},"modified":"2024-05-27T11:45:21","modified_gmt":"2024-05-27T11:45:21","slug":"about-2","status":"publish","type":"page","link":"https:\/\/tennis.9-tailed.com\/?page_id=1441","title":{"rendered":"VEREIN"},"content":{"rendered":"<style>.kb-row-layout-id1441_977939-31 > .kt-row-column-wrap{align-content:start;}:where(.kb-row-layout-id1441_977939-31 > .kt-row-column-wrap) > .wp-block-kadence-column{justify-content:start;}.kb-row-layout-id1441_977939-31 > .kt-row-column-wrap{column-gap:var(--global-kb-gap-md, 2rem);row-gap:var(--global-kb-gap-md, 2rem);max-width:var( --global-content-width, 1290px );padding-left:var(--global-content-edge-padding);padding-right:var(--global-content-edge-padding);padding-top:320px;padding-right:20px;padding-bottom:140px;padding-left:20px;grid-template-columns:minmax(0, 1fr);}.kb-row-layout-id1441_977939-31{background-image:url('https:\/\/tennis.9-tailed.com\/wp-content\/uploads\/2024\/05\/Tennis-scaled.jpg');background-size:cover;background-position:center center;background-attachment:scroll;background-repeat:no-repeat;}.kb-row-layout-id1441_977939-31 > .kt-row-layout-overlay{opacity:0.55;background-color:var(--global-palette3, #1A202C);mix-blend-mode:normal;}@media all and (max-width: 1024px){.kb-row-layout-id1441_977939-31 > .kt-row-column-wrap{grid-template-columns:minmax(0, 1fr);}}@media all and (max-width: 767px){.kb-row-layout-id1441_977939-31 > .kt-row-column-wrap{padding-top:var(--global-kb-spacing-xxl, 5rem);grid-template-columns:minmax(0, 1fr);}}<\/style><div class=\"kb-row-layout-wrap kb-row-layout-id1441_977939-31 alignnone kt-row-has-bg wp-block-kadence-rowlayout\"><div class=\"kt-row-layout-overlay kt-row-overlay-normal\"><\/div><div class=\"kt-row-column-wrap kt-has-1-columns kt-row-layout-equal kt-tab-layout-inherit kt-mobile-layout-row kt-row-valign-top kb-theme-content-width\">\n<style>.kadence-column1441_f6a2d5-b1 > .kt-inside-inner-col,.kadence-column1441_f6a2d5-b1 > .kt-inside-inner-col:before{border-top-left-radius:0px;border-top-right-radius:0px;border-bottom-right-radius:0px;border-bottom-left-radius:0px;}.kadence-column1441_f6a2d5-b1 > .kt-inside-inner-col{column-gap:var(--global-kb-gap-sm, 1rem);}.kadence-column1441_f6a2d5-b1 > .kt-inside-inner-col{flex-direction:column;}.kadence-column1441_f6a2d5-b1 > .kt-inside-inner-col > .aligncenter{width:100%;}.kadence-column1441_f6a2d5-b1 > .kt-inside-inner-col:before{opacity:0.3;}.kadence-column1441_f6a2d5-b1{position:relative;}@media all and (max-width: 1024px){.kadence-column1441_f6a2d5-b1 > .kt-inside-inner-col{flex-direction:column;}}@media all and (max-width: 767px){.kadence-column1441_f6a2d5-b1 > .kt-inside-inner-col{flex-direction:column;}}<\/style>\n<div class=\"wp-block-kadence-column kadence-column1441_f6a2d5-b1 inner-column-1\"><div class=\"kt-inside-inner-col\"><style>.wp-block-kadence-spacer.kt-block-spacer-1441_f54e41-95 .kt-block-spacer{height:6px;}.wp-block-kadence-spacer.kt-block-spacer-1441_f54e41-95 .kt-divider{border-top-width:1px;height:1px;border-top-color:var(--global-palette2, #2B6CB0);width:10%;border-top-style:solid;}<\/style>\n<div class=\"wp-block-kadence-spacer aligncenter kt-block-spacer-1441_f54e41-95\"><div class=\"kt-block-spacer kt-block-spacer-halign-center\"><hr class=\"kt-divider\"\/><\/div><\/div>\n\n\n<style>.wp-block-kadence-advancedheading.kt-adv-heading1441_457e29-39, .wp-block-kadence-advancedheading.kt-adv-heading1441_457e29-39[data-kb-block=\"kb-adv-heading1441_457e29-39\"]{margin-top:0px;text-align:center;font-style:normal;}.wp-block-kadence-advancedheading.kt-adv-heading1441_457e29-39 mark, .wp-block-kadence-advancedheading.kt-adv-heading1441_457e29-39[data-kb-block=\"kb-adv-heading1441_457e29-39\"] mark{font-style:normal;color:#f76a0c;padding-top:0px;padding-right:0px;padding-bottom:0px;padding-left:0px;}<\/style>\n<h2 class=\"kt-adv-heading1441_457e29-39 wp-block-kadence-advancedheading has-theme-palette-9-color has-text-color\" data-kb-block=\"kb-adv-heading1441_457e29-39\">VEREIN<\/h2>\n\n\n<style>.wp-block-kadence-advancedheading.kt-adv-heading1441_e9cd39-68, .wp-block-kadence-advancedheading.kt-adv-heading1441_e9cd39-68[data-kb-block=\"kb-adv-heading1441_e9cd39-68\"]{text-align:center;font-style:normal;}.wp-block-kadence-advancedheading.kt-adv-heading1441_e9cd39-68 mark, .wp-block-kadence-advancedheading.kt-adv-heading1441_e9cd39-68[data-kb-block=\"kb-adv-heading1441_e9cd39-68\"] mark{font-style:normal;color:#f76a0c;padding-top:0px;padding-right:0px;padding-bottom:0px;padding-left:0px;}<\/style>\n<p class=\"kt-adv-heading1441_e9cd39-68 wp-block-kadence-advancedheading has-theme-palette-9-color has-text-color\" data-kb-block=\"kb-adv-heading1441_e9cd39-68\">EIN VEREIN MIT GESCHICHTE<\/p>\n<\/div><\/div>\n\n<\/div><\/div>\n\n<style>.kb-row-layout-id1441_3eff5a-96 > .kt-row-column-wrap{align-content:start;}:where(.kb-row-layout-id1441_3eff5a-96 > .kt-row-column-wrap) > .wp-block-kadence-column{justify-content:start;}.kb-row-layout-id1441_3eff5a-96 > .kt-row-column-wrap{column-gap:var(--global-kb-gap-md, 2rem);row-gap:var(--global-kb-gap-md, 2rem);max-width:var( --global-content-width, 1290px );padding-left:var(--global-content-edge-padding);padding-right:var(--global-content-edge-padding);padding-top:40px;padding-bottom:60px;grid-template-columns:repeat(2, minmax(0, 1fr));}.kb-row-layout-id1441_3eff5a-96{border-top:40px solid var(--global-palette8, #F7FAFC);}.kb-row-layout-id1441_3eff5a-96{background-image:url('https:\/\/tennis.9-tailed.com\/wp-content\/uploads\/2024\/05\/Bild2-scaled.jpg');background-size:contain;background-position:89% 52%;background-attachment:scroll;background-repeat:no-repeat;}.kb-row-layout-id1441_3eff5a-96 > .kt-row-layout-overlay{opacity:0.30;}@media all and (max-width: 1024px){.kb-row-layout-id1441_3eff5a-96 > .kt-row-column-wrap{grid-template-columns:minmax(0, 2fr) minmax(0, 1fr);}}@media all and (max-width: 1024px){.kb-row-layout-id1441_3eff5a-96{border-top:40px solid var(--global-palette8, #F7FAFC);}}@media all and (max-width: 767px){.kb-row-layout-id1441_3eff5a-96 > .kt-row-column-wrap{padding-bottom:60px;grid-template-columns:minmax(0, 1fr);}.kb-row-layout-id1441_3eff5a-96{border-top:40px solid var(--global-palette8, #F7FAFC);}}<\/style><div class=\"kb-row-layout-wrap kb-row-layout-id1441_3eff5a-96 alignnone has-theme-palette8-background-color kt-row-has-bg wp-block-kadence-rowlayout\"><div class=\"kt-row-column-wrap kt-has-2-columns kt-row-layout-equal kt-tab-layout-left-golden kt-mobile-layout-row kt-row-valign-top kb-theme-content-width\">\n<style>.kadence-column1441_fa0bfd-62 > .kt-inside-inner-col{padding-top:60px;padding-right:60px;padding-bottom:60px;padding-left:60px;}.kadence-column1441_fa0bfd-62 > .kt-inside-inner-col,.kadence-column1441_fa0bfd-62 > .kt-inside-inner-col:before{border-top-left-radius:6px;border-top-right-radius:6px;border-bottom-right-radius:6px;border-bottom-left-radius:6px;}.kadence-column1441_fa0bfd-62 > .kt-inside-inner-col{column-gap:var(--global-kb-gap-sm, 1rem);}.kadence-column1441_fa0bfd-62 > .kt-inside-inner-col{flex-direction:column;}.kadence-column1441_fa0bfd-62 > .kt-inside-inner-col > .aligncenter{width:100%;}.kadence-column1441_fa0bfd-62 > .kt-inside-inner-col{background-color:var(--global-palette9, #ffffff);}.kadence-column1441_fa0bfd-62 > .kt-inside-inner-col:before{opacity:0.3;}.kadence-column1441_fa0bfd-62{position:relative;}@media all and (max-width: 1024px){.kadence-column1441_fa0bfd-62 > .kt-inside-inner-col{flex-direction:column;}}@media all and (max-width: 767px){.kadence-column1441_fa0bfd-62 > .kt-inside-inner-col{padding-top:20px;padding-right:20px;padding-bottom:20px;padding-left:20px;flex-direction:column;}}<\/style>\n<div class=\"wp-block-kadence-column kadence-column1441_fa0bfd-62 inner-column-1\"><div class=\"kt-inside-inner-col\">\n<h2 class=\"wp-block-heading\">Tennis f\u00fcr Gro\u00df und Klein<\/h2>\n\n\n\n<p>Der Tennisclub Lauterach liegt direkt an der Bregenzer Ache und bewirtschaftet gesamt 7 Sandpl\u00e4tze. Zur Anlage geh\u00f6ren ebenfalls 3 Hallenpl\u00e4tze, 6 Squash Courts, eine Ballwand, ein Restaurant, ein Spielplatz sowie ein Beachvolleyballplatz. Jeweils eigens verpachtet. Als Verein z\u00e4hlen wir 400 aktive Mitglieder davon sind 120 Kinder und wir melden jedes Jahr rund 22 Mannschaften f\u00fcr die Vorarlberger Meisterschaften. Damit geh\u00f6ren wir zu den gr\u00f6\u00dften Vereinen im Bezirk Hofsteig. Wir bieten unseren Mitgliedern ein&nbsp;rundum Programm wie Clubabende, Vereinsmeisterschaft, Er\u00f6ffnungsturnier, Wintertraining und vieles mehr.&nbsp;<\/p>\n\n\n\n<ul class=\"wp-block-social-links has-icon-color has-icon-background-color is-style-default is-layout-flex wp-block-social-links-is-layout-flex\"><li style=\"color:#ffffff;background-color:#c39a5f;\" class=\"wp-social-link wp-social-link-facebook has-theme-palette9-color has-theme-palette1-background-color wp-block-social-link\"><a href=\"https:\/\/www.facebook.com\/tcl1977\" class=\"wp-block-social-link-anchor\"><svg width=\"24\" height=\"24\" viewBox=\"0 0 24 24\" version=\"1.1\" xmlns=\"http:\/\/www.w3.org\/2000\/svg\" aria-hidden=\"true\" focusable=\"false\"><path d=\"M12 2C6.5 2 2 6.5 2 12c0 5 3.7 9.1 8.4 9.9v-7H7.9V12h2.5V9.8c0-2.5 1.5-3.9 3.8-3.9 1.1 0 2.2.2 2.2.2v2.5h-1.3c-1.2 0-1.6.8-1.6 1.6V12h2.8l-.4 2.9h-2.3v7C18.3 21.1 22 17 22 12c0-5.5-4.5-10-10-10z\"><\/path><\/svg><span class=\"wp-block-social-link-label screen-reader-text\">Facebook<\/span><\/a><\/li>\n\n<li style=\"color:#ffffff;background-color:#c39a5f;\" class=\"wp-social-link wp-social-link-instagram has-theme-palette9-color has-theme-palette1-background-color wp-block-social-link\"><a href=\"https:\/\/www.instagram.com\/tennisclub_lauterach\" class=\"wp-block-social-link-anchor\"><svg width=\"24\" height=\"24\" viewBox=\"0 0 24 24\" version=\"1.1\" xmlns=\"http:\/\/www.w3.org\/2000\/svg\" aria-hidden=\"true\" focusable=\"false\"><path d=\"M12,4.622c2.403,0,2.688,0.009,3.637,0.052c0.877,0.04,1.354,0.187,1.671,0.31c0.42,0.163,0.72,0.358,1.035,0.673 c0.315,0.315,0.51,0.615,0.673,1.035c0.123,0.317,0.27,0.794,0.31,1.671c0.043,0.949,0.052,1.234,0.052,3.637 s-0.009,2.688-0.052,3.637c-0.04,0.877-0.187,1.354-0.31,1.671c-0.163,0.42-0.358,0.72-0.673,1.035 c-0.315,0.315-0.615,0.51-1.035,0.673c-0.317,0.123-0.794,0.27-1.671,0.31c-0.949,0.043-1.233,0.052-3.637,0.052 s-2.688-0.009-3.637-0.052c-0.877-0.04-1.354-0.187-1.671-0.31c-0.42-0.163-0.72-0.358-1.035-0.673 c-0.315-0.315-0.51-0.615-0.673-1.035c-0.123-0.317-0.27-0.794-0.31-1.671C4.631,14.688,4.622,14.403,4.622,12 s0.009-2.688,0.052-3.637c0.04-0.877,0.187-1.354,0.31-1.671c0.163-0.42,0.358-0.72,0.673-1.035 c0.315-0.315,0.615-0.51,1.035-0.673c0.317-0.123,0.794-0.27,1.671-0.31C9.312,4.631,9.597,4.622,12,4.622 M12,3 C9.556,3,9.249,3.01,8.289,3.054C7.331,3.098,6.677,3.25,6.105,3.472C5.513,3.702,5.011,4.01,4.511,4.511 c-0.5,0.5-0.808,1.002-1.038,1.594C3.25,6.677,3.098,7.331,3.054,8.289C3.01,9.249,3,9.556,3,12c0,2.444,0.01,2.751,0.054,3.711 c0.044,0.958,0.196,1.612,0.418,2.185c0.23,0.592,0.538,1.094,1.038,1.594c0.5,0.5,1.002,0.808,1.594,1.038 c0.572,0.222,1.227,0.375,2.185,0.418C9.249,20.99,9.556,21,12,21s2.751-0.01,3.711-0.054c0.958-0.044,1.612-0.196,2.185-0.418 c0.592-0.23,1.094-0.538,1.594-1.038c0.5-0.5,0.808-1.002,1.038-1.594c0.222-0.572,0.375-1.227,0.418-2.185 C20.99,14.751,21,14.444,21,12s-0.01-2.751-0.054-3.711c-0.044-0.958-0.196-1.612-0.418-2.185c-0.23-0.592-0.538-1.094-1.038-1.594 c-0.5-0.5-1.002-0.808-1.594-1.038c-0.572-0.222-1.227-0.375-2.185-0.418C14.751,3.01,14.444,3,12,3L12,3z M12,7.378 c-2.552,0-4.622,2.069-4.622,4.622S9.448,16.622,12,16.622s4.622-2.069,4.622-4.622S14.552,7.378,12,7.378z M12,15 c-1.657,0-3-1.343-3-3s1.343-3,3-3s3,1.343,3,3S13.657,15,12,15z M16.804,6.116c-0.596,0-1.08,0.484-1.08,1.08 s0.484,1.08,1.08,1.08c0.596,0,1.08-0.484,1.08-1.08S17.401,6.116,16.804,6.116z\"><\/path><\/svg><span class=\"wp-block-social-link-label screen-reader-text\">Instagram<\/span><\/a><\/li><\/ul>\n<\/div><\/div>\n\n\n<style>.kadence-column1441_596588-34 > .kt-inside-inner-col,.kadence-column1441_596588-34 > .kt-inside-inner-col:before{border-top-left-radius:0px;border-top-right-radius:0px;border-bottom-right-radius:0px;border-bottom-left-radius:0px;}.kadence-column1441_596588-34 > .kt-inside-inner-col{column-gap:var(--global-kb-gap-sm, 1rem);}.kadence-column1441_596588-34 > .kt-inside-inner-col{flex-direction:column;}.kadence-column1441_596588-34 > .kt-inside-inner-col > .aligncenter{width:100%;}.kadence-column1441_596588-34 > .kt-inside-inner-col:before{opacity:0.3;}.kadence-column1441_596588-34{position:relative;}@media all and (max-width: 1024px){.kadence-column1441_596588-34 > .kt-inside-inner-col{flex-direction:column;}}@media all and (max-width: 767px){.kadence-column1441_596588-34 > .kt-inside-inner-col{flex-direction:column;}}<\/style>\n<div class=\"wp-block-kadence-column kadence-column1441_596588-34 kvs-sm-false inner-column-2\"><div class=\"kt-inside-inner-col\"><\/div><\/div>\n\n<\/div><\/div>","protected":false},"excerpt":{"rendered":"<p>VEREIN EIN VEREIN MIT GESCHICHTE Tennis f\u00fcr Gro\u00df und Klein Der Tennisclub Lauterach liegt direkt an der Bregenzer Ache und bewirtschaftet gesamt 7 Sandpl\u00e4tze. Zur Anlage geh\u00f6ren ebenfalls 3 Hallenpl\u00e4tze, 6 Squash Courts, eine Ballwand, ein Restaurant, ein Spielplatz sowie ein Beachvolleyballplatz. Jeweils eigens verpachtet. Als Verein z\u00e4hlen wir 400 aktive Mitglieder davon sind 120&#8230;<\/p>\n","protected":false},"author":2,"featured_media":1397,"parent":0,"menu_order":0,"comment_status":"closed","ping_status":"closed","template":"","meta":{"ngg_post_thumbnail":0,"_kadence_starter_templates_imported_post":true,"_kad_post_transparent":"","_kad_post_title":"hide","_kad_post_layout":"fullwidth","_kad_post_sidebar_id":"","_kad_post_content_style":"unboxed","_kad_post_vertical_padding":"hide","_kad_post_feature":"hide","_kad_post_feature_position":"","_kad_post_header":false,"_kad_post_footer":false,"footnotes":""},"class_list":["post-1441","page","type-page","status-publish","has-post-thumbnail","hentry"],"_links":{"self":[{"href":"https:\/\/tennis.9-tailed.com\/index.php?rest_route=\/wp\/v2\/pages\/1441","targetHints":{"allow":["GET"]}}],"collection":[{"href":"https:\/\/tennis.9-tailed.com\/index.php?rest_route=\/wp\/v2\/pages"}],"about":[{"href":"https:\/\/tennis.9-tailed.com\/index.php?rest_route=\/wp\/v2\/types\/page"}],"author":[{"embeddable":true,"href":"https:\/\/tennis.9-tailed.com\/index.php?rest_route=\/wp\/v2\/users\/2"}],"replies":[{"embeddable":true,"href":"https:\/\/tennis.9-tailed.com\/index.php?rest_route=%2Fwp%2Fv2%2Fcomments&post=1441"}],"version-history":[{"count":5,"href":"https:\/\/tennis.9-tailed.com\/index.php?rest_route=\/wp\/v2\/pages\/1441\/revisions"}],"predecessor-version":[{"id":1604,"href":"https:\/\/tennis.9-tailed.com\/index.php?rest_route=\/wp\/v2\/pages\/1441\/revisions\/1604"}],"wp:featuredmedia":[{"embeddable":true,"href":"https:\/\/tennis.9-tailed.com\/index.php?rest_route=\/wp\/v2\/media\/1397"}],"wp:attachment":[{"href":"https:\/\/tennis.9-tailed.com\/index.php?rest_route=%2Fwp%2Fv2%2Fmedia&parent=1441"}],"curies":[{"name":"wp","href":"https:\/\/api.w.org\/{rel}","templated":true}]}}